{"id":692,"date":"2020-10-05T10:50:17","date_gmt":"2020-10-05T10:50:17","guid":{"rendered":"https:\/\/arasport.es\/?page_id=692"},"modified":"2020-11-05T12:56:52","modified_gmt":"2020-11-05T12:56:52","slug":"politica-de-cookies","status":"publish","type":"page","link":"https:\/\/arasport.es\/en\/politica-de-cookies\/","title":{"rendered":"Pol\u00edtica de cookies"},"content":{"rendered":"<ol class=\"wp-block-list\" type=\"1\"><li><strong>Definiciones<\/strong><\/li><\/ol>\n\n\n\n<p>Cookie es un fichero que se descarga en su ordenador al acceder a determinadas p\u00e1ginas web, Smartphone, tablet o dispositivo an\u00e1logo. Las cookies permiten a una p\u00e1gina web, entre otras cosas, almacenar y recuperar informaci\u00f3n sobre los h\u00e1bitos de navegaci\u00f3n de un usuario o de su equipo y, dependiendo de la informaci\u00f3n que contengan y de la forma en que utilice su equipo, pueden utilizarse para reconocer al usuario.<\/p>\n\n\n\n<p>El navegador del usuario memoriza cookies en el disco duro solamente durante la sesi\u00f3n actual ocupando un espacio de memoria m\u00ednimo y no perjudicando al ordenador. Las cookies no contienen ninguna clase de informaci\u00f3n personal espec\u00edfica, y la mayor\u00eda de las mismas se borran del disco duro al finalizar la sesi\u00f3n de navegador (las denominadas cookies de sesi\u00f3n).<\/p>\n\n\n\n<ul class=\"wp-block-list\"><li><strong>\u00bfQu\u00e9 tipos de cookies utiliza esta p\u00e1gina web?<\/strong><\/li><\/ul>\n\n\n\n<p>Navegar por este portal web supone que se puedan instalar los siguientes tipos de Cookies:<\/p>\n\n\n\n<figure class=\"wp-block-table is-style-stripes\"><table><tbody><tr><td><strong>Cookies DE RENDIMIENTO<\/strong>&nbsp;<\/td><\/tr><tr><td><\/td><td>Nombre de la cookie<\/td><td><\/td><\/tr><tr><td><\/td><td>Descripci\u00f3n<\/td><td>Estas Cookies se utilizan para mejorar tu experiencia de navegaci\u00f3n y optimizar el funcionamiento de nuestros sitios web. Almacenan configuraciones de servicios para que no tengas que reconfigurarlos cada vez que nos visitas.<\/td><\/tr><tr><td><\/td><td>Uso<\/td><td>Velocidades de transmisi\u00f3n de v\u00eddeo \u00f3ptimas.Contenidos adaptados a tu navegaci\u00f3n.Facilidad de viralizar el contenido de tu preferencia.Almacena la compra realizada en un \u201ccarrito de la compra\u201d en los Servicios de E-commerce.<\/td><\/tr><tr><td><strong>Cookies DE GEOLOCALIZACI\u00d3N<\/strong><\/td><\/tr><tr><td><\/td><td>Nombre de la cookie<\/td><td><\/td><\/tr><tr><td><\/td><td>Descripci\u00f3n<\/td><td>Estas Cookies se utilizan para almacenar datos de geolocalizaci\u00f3n del ordenador o dispositivo para ofrecerte contenidos y servicios m\u00e1s adecuados.<\/td><\/tr><tr><td><\/td><td>Uso<\/td><td>Contenidos ajustados al pa\u00eds, ciudad, idioma, etc.<\/td><\/tr><tr><td><strong>Cookies DE REGISTRO<\/strong><\/td><td><strong>&nbsp;<\/strong><\/td><\/tr><tr><td><\/td><td>Nombre de la cookie<\/td><td><\/td><\/tr><tr><td><\/td><td>Descripci\u00f3n<\/td><td>Las Cookies de registro se crean al registrarte o cuando inicias sesi\u00f3n en uno de nuestros portales web.<\/td><\/tr><tr><td><\/td><td>Uso<\/td><td>Puedes mantenerte autenticado, aunque cierres el navegador, as\u00ed cuando vuelvas seguir\u00e1s identificado a menos que te desconectes o cierres la sesi\u00f3n.Para acceder a ciertas zonas de nuestros portales web, por ejemplo, para participar en un concurso.<\/td><\/tr><tr><td><strong>Cookies ANAL\u00cdTICAS<\/strong><\/td><td><strong>&nbsp;<\/strong><\/td><\/tr><tr><td><\/td><td>Nombre de la cookie<\/td><td><\/td><\/tr><tr><td><\/td><td>Descripci\u00f3n<\/td><td>Estas Cookies recopilan informaci\u00f3n de tu experiencia de navegaci\u00f3n en nuestros portales web de forma totalmente an\u00f3nima. &#8211; Podemos contabilizar el n\u00famero de visitantes de la p\u00e1gina o los contenidos m\u00e1s vistos.<\/td><\/tr><tr><td><\/td><td>Uso<\/td><td>Podemos saber si el usuario que est\u00e1 accediendo es nuevo o repite visita.Esa informaci\u00f3n puede ayudarnos a mejorar la navegaci\u00f3n y darte un mejor servicio.<\/td><\/tr><tr><td><strong>Cookies DE PUBLICIDAD<\/strong><\/td><td><strong>&nbsp;<\/strong><\/td><\/tr><tr><td><\/td><td>Nombre de la cookie<\/td><td><\/td><\/tr><tr><td><\/td><td>Descripci\u00f3n<\/td><td>Estas Cookies recogen informaci\u00f3n sobre los anuncios mostrados a cada usuario an\u00f3nimo en los portales web. &#8211; Adaptar la publicidad al tipo de dispositivo desde el que el usuario se est\u00e1 conectando.<\/td><\/tr><tr><td><\/td><td>Uso<\/td><td>&nbsp;&#8211; Proporcionar anuncios gestionados a trav\u00e9s de terceros (\u201cAd-servers\u201d) que son mostrados en la p\u00e1gina en tiempo real.<br>&nbsp;&#8211; Conocer informaci\u00f3n sobre el resultado de las campa\u00f1as como el n\u00famero de clicks, duraci\u00f3n, frecuencia de visualizaci\u00f3n, etc.<br>&#8211; Ofrecerte publicidad de inter\u00e9s con base en tus h\u00e1bitos de navegaci\u00f3n.<\/td><\/tr><\/tbody><\/table><\/figure>\n\n\n\n<ul class=\"wp-block-list\"><li><strong>Desactivaci\u00f3n de cookies<\/strong><\/li><\/ul>\n\n\n\n<p>El usuario podr\u00e1 -en cualquier momento- elegir qu\u00e9 cookies quiere que funcionen en este sitio web mediante la configuraci\u00f3n del&nbsp;navegador; por ejemplo:<\/p>\n\n\n\n<ul class=\"wp-block-list\"><li><strong>Chrome<\/strong> desde<\/li><\/ul>\n\n\n\n<figure class=\"wp-block-embed\"><div class=\"wp-block-embed__wrapper\">\nhttp:\/\/support.google.com\/chrome\/bin\/answer.py?hl=es&#038;answer=95647\n<\/div><\/figure>\n\n\n\n<ul class=\"wp-block-list\"><li><strong>Microsoft Edge. \/ Explorer<\/strong> desde&nbsp;<\/li><\/ul>\n\n\n\n<figure class=\"wp-block-embed\"><div class=\"wp-block-embed__wrapper\">\nhttp:\/\/windows.microsoft.com\/es-es\/windows7\/how-to-manage-cookies-in-internet-explorer-9\n<\/div><\/figure>\n\n\n\n<ul class=\"wp-block-list\"><li><strong>Moziila Firefox<\/strong> desde&nbsp;<\/li><\/ul>\n\n\n\n<figure class=\"wp-block-embed\"><div class=\"wp-block-embed__wrapper\">\nhttp:\/\/support.mozilla.org\/es\/kb\/habilitar-y-deshabilitar-cookies-que-los-sitios-we\n<\/div><\/figure>\n\n\n\n<ul class=\"wp-block-list\"><li><strong>Safari<\/strong> desde&nbsp;<\/li><\/ul>\n\n\n\n<figure class=\"wp-block-embed\"><div class=\"wp-block-embed__wrapper\">\nhttp:\/\/support.apple.com\/kb\/ph5042\u00e7\n<\/div><\/figure>\n\n\n\n<ul class=\"wp-block-list\"><li><strong>Actualizaci\u00f3n de la pol\u00edtica de cookies<\/strong><\/li><\/ul>\n\n\n\n<p>Es posible que actualicemos la Pol\u00edtica de Cookies de nuestro Sitio Web, por ello le recomendamos revisar esta pol\u00edtica cada vez que acceda a nuestro Sitio Web con el objetivo de estar adecuadamente informado sobre c\u00f3mo y para qu\u00e9 usamos las cookies.<\/p>\n\n\n\n<p><\/p>","protected":false},"excerpt":{"rendered":"<p>Definiciones Cookie es un fichero que se descarga en su ordenador al acceder a determinadas p\u00e1ginas web, Smartphone, tablet o dispositivo an\u00e1logo. Las cookies permiten a una p\u00e1gina web, entre otras cosas, almacenar y recuperar informaci\u00f3n sobre los h\u00e1bitos de navegaci\u00f3n de un usuario o de su equipo y, dependiendo de la informaci\u00f3n que contengan [&hellip;]<\/p>\n","protected":false},"author":1,"featured_media":0,"parent":0,"menu_order":0,"comment_status":"closed","ping_status":"closed","template":"","meta":{"_et_pb_use_builder":"off","_et_pb_old_content":"","_et_gb_content_width":"1080","footnotes":""},"class_list":["post-692","page","type-page","status-publish","hentry"],"yoast_head":"<!-- This site is optimized with the Yoast SEO plugin v27.4 - https:\/\/yoast.com\/product\/yoast-seo-wordpress\/ -->\n<title>Pol\u00edtica de cookies - Agencia de publicidad en Madrid<\/title>\n<meta name=\"robots\" content=\"index, follow, max-snippet:-1, max-image-preview:large, max-video-preview:-1\" \/>\n<link rel=\"canonical\" href=\"https:\/\/arasport.es\/en\/politica-de-cookies\/\" \/>\n<meta property=\"og:locale\" content=\"en_GB\" \/>\n<meta property=\"og:type\" content=\"article\" \/>\n<meta property=\"og:title\" content=\"Pol\u00edtica de cookies - Agencia de publicidad en Madrid\" \/>\n<meta property=\"og:description\" content=\"Definiciones Cookie es un fichero que se descarga en su ordenador al acceder a determinadas p\u00e1ginas web, Smartphone, tablet o dispositivo an\u00e1logo. Las cookies permiten a una p\u00e1gina web, entre otras cosas, almacenar y recuperar informaci\u00f3n sobre los h\u00e1bitos de navegaci\u00f3n de un usuario o de su equipo y, dependiendo de la informaci\u00f3n que contengan [&hellip;]\" \/>\n<meta property=\"og:url\" content=\"https:\/\/arasport.es\/en\/politica-de-cookies\/\" \/>\n<meta property=\"og:site_name\" content=\"Agencia de publicidad en Madrid\" \/>\n<meta property=\"article:modified_time\" content=\"2020-11-05T12:56:52+00:00\" \/>\n<meta name=\"twitter:card\" content=\"summary_large_image\" \/>\n<meta name=\"twitter:label1\" content=\"Estimated reading time\" \/>\n\t<meta name=\"twitter:data1\" content=\"3 minutes\" \/>\n<script type=\"application\/ld+json\" class=\"yoast-schema-graph\">{\"@context\":\"https:\\\/\\\/schema.org\",\"@graph\":[{\"@type\":\"WebPage\",\"@id\":\"https:\\\/\\\/arasport.es\\\/politica-de-cookies\\\/\",\"url\":\"https:\\\/\\\/arasport.es\\\/politica-de-cookies\\\/\",\"name\":\"Pol\u00edtica de cookies - Agencia de publicidad en Madrid\",\"isPartOf\":{\"@id\":\"https:\\\/\\\/arasport.es\\\/#website\"},\"datePublished\":\"2020-10-05T10:50:17+00:00\",\"dateModified\":\"2020-11-05T12:56:52+00:00\",\"breadcrumb\":{\"@id\":\"https:\\\/\\\/arasport.es\\\/politica-de-cookies\\\/#breadcrumb\"},\"inLanguage\":\"en-GB\",\"potentialAction\":[{\"@type\":\"ReadAction\",\"target\":[\"https:\\\/\\\/arasport.es\\\/politica-de-cookies\\\/\"]}]},{\"@type\":\"BreadcrumbList\",\"@id\":\"https:\\\/\\\/arasport.es\\\/politica-de-cookies\\\/#breadcrumb\",\"itemListElement\":[{\"@type\":\"ListItem\",\"position\":1,\"name\":\"Portada\",\"item\":\"https:\\\/\\\/arasport.es\\\/\"},{\"@type\":\"ListItem\",\"position\":2,\"name\":\"Pol\u00edtica de cookies\"}]},{\"@type\":\"WebSite\",\"@id\":\"https:\\\/\\\/arasport.es\\\/#website\",\"url\":\"https:\\\/\\\/arasport.es\\\/\",\"name\":\"Agencia de publicidad en Madrid\",\"description\":\"Agencia de Publicidad. Dise\u00f1o gr\u00e1fico, dise\u00f1o editorial y maquetaci\u00f3n. Gesti\u00f3n comercial de publicidad. Damos cobertura a toda la zona sur de Madrid.\",\"publisher\":{\"@id\":\"https:\\\/\\\/arasport.es\\\/#organization\"},\"potentialAction\":[{\"@type\":\"SearchAction\",\"target\":{\"@type\":\"EntryPoint\",\"urlTemplate\":\"https:\\\/\\\/arasport.es\\\/?s={search_term_string}\"},\"query-input\":{\"@type\":\"PropertyValueSpecification\",\"valueRequired\":true,\"valueName\":\"search_term_string\"}}],\"inLanguage\":\"en-GB\"},{\"@type\":\"Organization\",\"@id\":\"https:\\\/\\\/arasport.es\\\/#organization\",\"name\":\"Agencia de publicidad en Madrid\",\"url\":\"https:\\\/\\\/arasport.es\\\/\",\"logo\":{\"@type\":\"ImageObject\",\"inLanguage\":\"en-GB\",\"@id\":\"https:\\\/\\\/arasport.es\\\/#\\\/schema\\\/logo\\\/image\\\/\",\"url\":\"https:\\\/\\\/arasport.es\\\/wp-content\\\/uploads\\\/2023\\\/06\\\/PhotoRoom_20231121_091346-e1700554587465.png\",\"contentUrl\":\"https:\\\/\\\/arasport.es\\\/wp-content\\\/uploads\\\/2023\\\/06\\\/PhotoRoom_20231121_091346-e1700554587465.png\",\"width\":1106,\"height\":489,\"caption\":\"Agencia de publicidad en Madrid\"},\"image\":{\"@id\":\"https:\\\/\\\/arasport.es\\\/#\\\/schema\\\/logo\\\/image\\\/\"}}]}<\/script>\n<!-- \/ Yoast SEO plugin. -->","yoast_head_json":{"title":"Pol\u00edtica de cookies - Agencia de publicidad en Madrid","robots":{"index":"index","follow":"follow","max-snippet":"max-snippet:-1","max-image-preview":"max-image-preview:large","max-video-preview":"max-video-preview:-1"},"canonical":"https:\/\/arasport.es\/en\/politica-de-cookies\/","og_locale":"en_GB","og_type":"article","og_title":"Pol\u00edtica de cookies - Agencia de publicidad en Madrid","og_description":"Definiciones Cookie es un fichero que se descarga en su ordenador al acceder a determinadas p\u00e1ginas web, Smartphone, tablet o dispositivo an\u00e1logo. Las cookies permiten a una p\u00e1gina web, entre otras cosas, almacenar y recuperar informaci\u00f3n sobre los h\u00e1bitos de navegaci\u00f3n de un usuario o de su equipo y, dependiendo de la informaci\u00f3n que contengan [&hellip;]","og_url":"https:\/\/arasport.es\/en\/politica-de-cookies\/","og_site_name":"Agencia de publicidad en Madrid","article_modified_time":"2020-11-05T12:56:52+00:00","twitter_card":"summary_large_image","twitter_misc":{"Estimated reading time":"3 minutes"},"schema":{"@context":"https:\/\/schema.org","@graph":[{"@type":"WebPage","@id":"https:\/\/arasport.es\/politica-de-cookies\/","url":"https:\/\/arasport.es\/politica-de-cookies\/","name":"Pol\u00edtica de cookies - Agencia de publicidad en Madrid","isPartOf":{"@id":"https:\/\/arasport.es\/#website"},"datePublished":"2020-10-05T10:50:17+00:00","dateModified":"2020-11-05T12:56:52+00:00","breadcrumb":{"@id":"https:\/\/arasport.es\/politica-de-cookies\/#breadcrumb"},"inLanguage":"en-GB","potentialAction":[{"@type":"ReadAction","target":["https:\/\/arasport.es\/politica-de-cookies\/"]}]},{"@type":"BreadcrumbList","@id":"https:\/\/arasport.es\/politica-de-cookies\/#breadcrumb","itemListElement":[{"@type":"ListItem","position":1,"name":"Portada","item":"https:\/\/arasport.es\/"},{"@type":"ListItem","position":2,"name":"Pol\u00edtica de cookies"}]},{"@type":"WebSite","@id":"https:\/\/arasport.es\/#website","url":"https:\/\/arasport.es\/","name":"Agencia de publicidad en Madrid","description":"Agencia de Publicidad. Dise\u00f1o gr\u00e1fico, dise\u00f1o editorial y maquetaci\u00f3n. Gesti\u00f3n comercial de publicidad. Damos cobertura a toda la zona sur de Madrid.","publisher":{"@id":"https:\/\/arasport.es\/#organization"},"potentialAction":[{"@type":"SearchAction","target":{"@type":"EntryPoint","urlTemplate":"https:\/\/arasport.es\/?s={search_term_string}"},"query-input":{"@type":"PropertyValueSpecification","valueRequired":true,"valueName":"search_term_string"}}],"inLanguage":"en-GB"},{"@type":"Organization","@id":"https:\/\/arasport.es\/#organization","name":"Agencia de publicidad en Madrid","url":"https:\/\/arasport.es\/","logo":{"@type":"ImageObject","inLanguage":"en-GB","@id":"https:\/\/arasport.es\/#\/schema\/logo\/image\/","url":"https:\/\/arasport.es\/wp-content\/uploads\/2023\/06\/PhotoRoom_20231121_091346-e1700554587465.png","contentUrl":"https:\/\/arasport.es\/wp-content\/uploads\/2023\/06\/PhotoRoom_20231121_091346-e1700554587465.png","width":1106,"height":489,"caption":"Agencia de publicidad en Madrid"},"image":{"@id":"https:\/\/arasport.es\/#\/schema\/logo\/image\/"}}]}},"_links":{"self":[{"href":"https:\/\/arasport.es\/en\/wp-json\/wp\/v2\/pages\/692","targetHints":{"allow":["GET"]}}],"collection":[{"href":"https:\/\/arasport.es\/en\/wp-json\/wp\/v2\/pages"}],"about":[{"href":"https:\/\/arasport.es\/en\/wp-json\/wp\/v2\/types\/page"}],"author":[{"embeddable":true,"href":"https:\/\/arasport.es\/en\/wp-json\/wp\/v2\/users\/1"}],"replies":[{"embeddable":true,"href":"https:\/\/arasport.es\/en\/wp-json\/wp\/v2\/comments?post=692"}],"version-history":[{"count":4,"href":"https:\/\/arasport.es\/en\/wp-json\/wp\/v2\/pages\/692\/revisions"}],"predecessor-version":[{"id":854,"href":"https:\/\/arasport.es\/en\/wp-json\/wp\/v2\/pages\/692\/revisions\/854"}],"wp:attachment":[{"href":"https:\/\/arasport.es\/en\/wp-json\/wp\/v2\/media?parent=692"}],"curies":[{"name":"wp","href":"https:\/\/api.w.org\/{rel}","templated":true}]}}