{"id":5316,"date":"2023-11-17T08:45:26","date_gmt":"2023-11-17T08:45:26","guid":{"rendered":"https:\/\/arasport.es\/?page_id=5316"},"modified":"2024-01-02T09:07:28","modified_gmt":"2024-01-02T09:07:28","slug":"pagina-contacto-ara-sport-oficial","status":"publish","type":"page","link":"https:\/\/arasport.es\/en\/pagina-contacto-ara-sport-oficial\/","title":{"rendered":"CONTACT"},"content":{"rendered":"\t\t<div data-elementor-type=\"wp-page\" data-elementor-id=\"5316\" class=\"elementor elementor-5316\" data-elementor-post-type=\"page\">\n\t\t\t\t\t\t<section class=\"elementor-section elementor-inner-section elementor-element elementor-element-7a0e7f36 elementor-section-content-middle elementor-section-boxed elementor-section-height-default elementor-section-height-default\" data-id=\"7a0e7f36\" data-element_type=\"section\" data-e-type=\"section\" data-settings=\"{&quot;background_background&quot;:&quot;classic&quot;}\">\n\t\t\t\t\t\t\t<div class=\"elementor-background-overlay\"><\/div>\n\t\t\t\t\t\t\t<div class=\"elementor-container elementor-column-gap-no\">\n\t\t\t\t\t<div class=\"elementor-column elementor-col-50 elementor-inner-column elementor-element elementor-element-5678b546\" data-id=\"5678b546\" data-element_type=\"column\" data-e-type=\"column\">\n\t\t\t<div class=\"elementor-widget-wrap elementor-element-populated\">\n\t\t\t\t\t\t<div class=\"elementor-element elementor-element-6699009e elementor-widget elementor-widget-heading\" data-id=\"6699009e\" data-element_type=\"widget\" data-e-type=\"widget\" data-widget_type=\"heading.default\">\n\t\t\t\t<div class=\"elementor-widget-container\">\n\t\t\t\t\t<h6 class=\"elementor-heading-title elementor-size-default\">Contacto<\/h6>\t\t\t\t<\/div>\n\t\t\t\t<\/div>\n\t\t\t\t<div class=\"elementor-element elementor-element-16345c21 elementor-widget elementor-widget-heading\" data-id=\"16345c21\" data-element_type=\"widget\" data-e-type=\"widget\" data-widget_type=\"heading.default\">\n\t\t\t\t<div class=\"elementor-widget-container\">\n\t\t\t\t\t<h6 class=\"elementor-heading-title elementor-size-default\"><a href=\"tel:+34914346739\">Tel\u00e9fono:<br> +34 914 34 67 39\n<\/a><\/h6>\t\t\t\t<\/div>\n\t\t\t\t<\/div>\n\t\t\t\t<div class=\"elementor-element elementor-element-3e8effb6 elementor-widget elementor-widget-heading\" data-id=\"3e8effb6\" data-element_type=\"widget\" data-e-type=\"widget\" data-widget_type=\"heading.default\">\n\t\t\t\t<div class=\"elementor-widget-container\">\n\t\t\t\t\t<h6 class=\"elementor-heading-title elementor-size-default\"><a href=\"mailto:info@arasport.es\">E-mail:<br> info@arasport.es<\/a><\/h6>\t\t\t\t<\/div>\n\t\t\t\t<\/div>\n\t\t\t\t<div class=\"elementor-element elementor-element-6049887b elementor-widget elementor-widget-heading\" data-id=\"6049887b\" data-element_type=\"widget\" data-e-type=\"widget\" data-widget_type=\"heading.default\">\n\t\t\t\t<div class=\"elementor-widget-container\">\n\t\t\t\t\t<h6 class=\"elementor-heading-title elementor-size-default\"><a href=\"https:\/\/www.google.es\/maps\/place\/ARA+Publicidad+Sport+%7C+Agencia+de+publicidad\/@40.3122366,-3.8099943,17z\/data=!3m2!4b1!5s0xd418bebd04d0403:0x76079a5867669ba2!4m6!3m5!1s0xd416e0320f8386b:0xc9d90b1f5968f7a2!8m2!3d40.3122325!4d-3.8074194!16s%2Fg%2F12qf4ysc6?entry=ttu\">Ubicaci\u00f3n:\n <br>\nC. Arqu\u00edmedes, 4, Oficina 001 Bajo\n28914, Legan\u00e9s, Madrid\n<\/a><\/h6>\t\t\t\t<\/div>\n\t\t\t\t<\/div>\n\t\t\t\t<div class=\"elementor-element elementor-element-61bfb729 elementor-shape-rounded elementor-grid-0 e-grid-align-center elementor-widget elementor-widget-social-icons\" data-id=\"61bfb729\" data-element_type=\"widget\" data-e-type=\"widget\" data-widget_type=\"social-icons.default\">\n\t\t\t\t<div class=\"elementor-widget-container\">\n\t\t\t\t\t\t\t<div class=\"elementor-social-icons-wrapper elementor-grid\" role=\"list\">\n\t\t\t\t\t\t\t<span class=\"elementor-grid-item\" role=\"listitem\">\n\t\t\t\t\t<a class=\"elementor-icon elementor-social-icon elementor-social-icon-linkedin elementor-animation-grow elementor-repeater-item-2d0da0c\" href=\"https:\/\/es.linkedin.com\/company\/ara-publicidad-sport\" target=\"_blank\">\n\t\t\t\t\t\t<span class=\"elementor-screen-only\">Linkedin<\/span>\n\t\t\t\t\t\t<i aria-hidden=\"true\" class=\"fab fa-linkedin\"><\/i>\t\t\t\t\t<\/a>\n\t\t\t\t<\/span>\n\t\t\t\t\t\t\t<span class=\"elementor-grid-item\" role=\"listitem\">\n\t\t\t\t\t<a class=\"elementor-icon elementor-social-icon elementor-social-icon-instagram elementor-animation-grow elementor-repeater-item-914746e\" href=\"https:\/\/instagram.com\/ara_publicidad_sport?igshid=OGQ5ZDc2ODk2ZA==\" target=\"_blank\">\n\t\t\t\t\t\t<span class=\"elementor-screen-only\">Instagram<\/span>\n\t\t\t\t\t\t<i aria-hidden=\"true\" class=\"fab fa-instagram\"><\/i>\t\t\t\t\t<\/a>\n\t\t\t\t<\/span>\n\t\t\t\t\t<\/div>\n\t\t\t\t\t\t<\/div>\n\t\t\t\t<\/div>\n\t\t\t\t\t<\/div>\n\t\t<\/div>\n\t\t\t\t<div class=\"elementor-column elementor-col-50 elementor-inner-column elementor-element elementor-element-24d16163\" data-id=\"24d16163\" data-element_type=\"column\" data-e-type=\"column\">\n\t\t\t<div class=\"elementor-widget-wrap elementor-element-populated\">\n\t\t\t\t\t\t<div class=\"elementor-element elementor-element-76f31b99 elementor-button-align-end elementor-widget elementor-widget-form\" data-id=\"76f31b99\" data-element_type=\"widget\" data-e-type=\"widget\" data-settings=\"{&quot;step_next_label&quot;:&quot;Siguiente&quot;,&quot;step_previous_label&quot;:&quot;Anterior&quot;,&quot;button_width&quot;:&quot;100&quot;,&quot;step_type&quot;:&quot;number_text&quot;,&quot;step_icon_shape&quot;:&quot;circle&quot;}\" data-widget_type=\"form.default\">\n\t\t\t\t<div class=\"elementor-widget-container\">\n\t\t\t\t\t\t\t<form class=\"elementor-form\" method=\"post\" name=\"New Form\">\n\t\t\t<input type=\"hidden\" name=\"post_id\" value=\"5316\"\/>\n\t\t\t<input type=\"hidden\" name=\"form_id\" value=\"76f31b99\"\/>\n\t\t\t<input type=\"hidden\" name=\"referer_title\" value=\"CONTACTO - Agencia de publicidad en Madrid\" \/>\n\n\t\t\t\t\t\t\t<input type=\"hidden\" name=\"queried_id\" value=\"5316\"\/>\n\t\t\t\n\t\t\t<div class=\"elementor-form-fields-wrapper elementor-labels-\">\n\t\t\t\t\t\t\t\t<div class=\"elementor-field-type-text elementor-field-group elementor-column elementor-field-group-name elementor-col-100\">\n\t\t\t\t\t\t\t\t\t\t\t\t<label for=\"form-field-name\" class=\"elementor-field-label elementor-screen-only\">\n\t\t\t\t\t\t\t\tNombre\t\t\t\t\t\t\t<\/label>\n\t\t\t\t\t\t\t\t\t\t\t\t\t\t<input size=\"1\" type=\"text\" name=\"form_fields[name]\" id=\"form-field-name\" class=\"elementor-field elementor-size-sm  elementor-field-textual\" placeholder=\"Escribe tu nombre\">\n\t\t\t\t\t\t\t\t\t\t\t<\/div>\n\t\t\t\t\t\t\t\t<div class=\"elementor-field-type-email elementor-field-group elementor-column elementor-field-group-email elementor-col-100 elementor-field-required\">\n\t\t\t\t\t\t\t\t\t\t\t\t<label for=\"form-field-email\" class=\"elementor-field-label elementor-screen-only\">\n\t\t\t\t\t\t\t\tCorreo electr\u00f3nico\t\t\t\t\t\t\t<\/label>\n\t\t\t\t\t\t\t\t\t\t\t\t\t\t<input size=\"1\" type=\"email\" name=\"form_fields[email]\" id=\"form-field-email\" class=\"elementor-field elementor-size-sm  elementor-field-textual\" placeholder=\"Escribe tu correo electr\u00f3nico\" required=\"required\">\n\t\t\t\t\t\t\t\t\t\t\t<\/div>\n\t\t\t\t\t\t\t\t<div class=\"elementor-field-type-select elementor-field-group elementor-column elementor-field-group-field_6685744 elementor-col-100 elementor-field-required\">\n\t\t\t\t\t\t\t\t\t\t\t\t<label for=\"form-field-field_6685744\" class=\"elementor-field-label elementor-screen-only\">\n\t\t\t\t\t\t\t\tOpciones\t\t\t\t\t\t\t<\/label>\n\t\t\t\t\t\t\t\t<div class=\"elementor-field elementor-select-wrapper remove-before \">\n\t\t\t<div class=\"select-caret-down-wrapper\">\n\t\t\t\t<i aria-hidden=\"true\" class=\"eicon-caret-down\"><\/i>\t\t\t<\/div>\n\t\t\t<select name=\"form_fields[field_6685744]\" id=\"form-field-field_6685744\" class=\"elementor-field-textual elementor-size-sm\" required=\"required\">\n\t\t\t\t\t\t\t\t\t<option value=\"Selecciona\">Selecciona<\/option>\n\t\t\t\t\t\t\t\t\t<option value=\"Marketing digital\">Marketing digital<\/option>\n\t\t\t\t\t\t\t\t\t<option value=\"Publicidad exterior\">Publicidad exterior<\/option>\n\t\t\t\t\t\t\t\t\t<option value=\"Publicidad prensa Local\">Publicidad prensa Local<\/option>\n\t\t\t\t\t\t\t\t\t<option value=\"Eventos Corporativos\">Eventos Corporativos<\/option>\n\t\t\t\t\t\t\t\t\t<option value=\"Dise\u00f1o gr\u00e1fico\">Dise\u00f1o gr\u00e1fico<\/option>\n\t\t\t\t\t\t\t\t\t<option value=\"Maquetaci\u00f3n\">Maquetaci\u00f3n<\/option>\n\t\t\t\t\t\t\t\t\t<option value=\"Dise\u00f1o web\">Dise\u00f1o web<\/option>\n\t\t\t\t\t\t\t<\/select>\n\t\t<\/div>\n\t\t\t\t\t\t<\/div>\n\t\t\t\t\t\t\t\t<div class=\"elementor-field-type-html elementor-field-group elementor-column elementor-field-group-field_0a7a611 elementor-col-100\">\n\t\t\t\t\t\u00bfEn qu\u00e9 estas interesado?\t\t\t\t<\/div>\n\t\t\t\t\t\t\t\t<div class=\"elementor-field-type-textarea elementor-field-group elementor-column elementor-field-group-field_0b3e7f8 elementor-col-100\">\n\t\t\t\t\t\t\t\t\t\t\t\t<label for=\"form-field-field_0b3e7f8\" class=\"elementor-field-label elementor-screen-only\">\n\t\t\t\t\t\t\t\tMensaje\t\t\t\t\t\t\t<\/label>\n\t\t\t\t\t\t<textarea class=\"elementor-field-textual elementor-field  elementor-size-sm\" name=\"form_fields[field_0b3e7f8]\" id=\"form-field-field_0b3e7f8\" rows=\"4\" placeholder=\"Expl\u00edcanos en que est\u00e1s interesado\"><\/textarea>\t\t\t\t<\/div>\n\t\t\t\t\t\t\t\t<div class=\"elementor-field-type-acceptance elementor-field-group elementor-column elementor-field-group-field_ddda1ff elementor-col-100 elementor-field-required\">\n\t\t\t\t\t\t\t\t\t\t\t\t<label for=\"form-field-field_ddda1ff\" class=\"elementor-field-label elementor-screen-only\">\n\t\t\t\t\t\t\t\tPol\u00edtica de privacidad\t\t\t\t\t\t\t<\/label>\n\t\t\t\t\t\t\t\t<div class=\"elementor-field-subgroup\">\n\t\t\t<span class=\"elementor-field-option\">\n\t\t\t\t<input type=\"checkbox\" name=\"form_fields[field_ddda1ff]\" id=\"form-field-field_ddda1ff\" class=\"elementor-field elementor-size-sm  elementor-acceptance-field\" required=\"required\">\n\t\t\t\t<label for=\"form-field-field_ddda1ff\">Acepto las Pol\u00edticas de Privacidad.<\/label>\t\t\t<\/span>\n\t\t<\/div>\n\t\t\t\t\t\t<\/div>\n\t\t\t\t\t\t\t\t<div class=\"elementor-field-type-text\">\n\t\t\t\t\t<input size=\"1\" type=\"text\" name=\"form_fields[field_a664500]\" id=\"form-field-field_a664500\" class=\"elementor-field elementor-size-sm \" style=\"display:none !important;\">\t\t\t\t<\/div>\n\t\t\t\t\t\t\t\t<div class=\"elementor-field-type-recaptcha elementor-field-group elementor-column elementor-field-group-field_5564b33 elementor-col-100\">\n\t\t\t\t\t<div class=\"elementor-field\" id=\"form-field-field_5564b33\"><div class=\"elementor-g-recaptcha\" data-sitekey=\"6LdeGDEpAAAAAPxHbU2CAEwUawi5TqDzkc8i75JJ\" data-type=\"v2_checkbox\" data-theme=\"light\" data-size=\"normal\"><\/div><\/div>\t\t\t\t<\/div>\n\t\t\t\t\t\t\t\t<div class=\"elementor-field-group elementor-column elementor-field-type-submit elementor-col-100 e-form__buttons\">\n\t\t\t\t\t<button class=\"elementor-button elementor-size-sm elementor-animation-grow\" type=\"submit\">\n\t\t\t\t\t\t<span class=\"elementor-button-content-wrapper\">\n\t\t\t\t\t\t\t\t\t\t\t\t\t\t\t\t\t\t\t\t\t\t<span class=\"elementor-button-text\">ENVIAR<\/span>\n\t\t\t\t\t\t\t\t\t\t\t\t\t<\/span>\n\t\t\t\t\t<\/button>\n\t\t\t\t<\/div>\n\t\t\t<\/div>\n\t\t<\/form>\n\t\t\t\t\t\t<\/div>\n\t\t\t\t<\/div>\n\t\t\t\t\t<\/div>\n\t\t<\/div>\n\t\t\t\t\t<\/div>\n\t\t<\/section>\n\t\t\t\t<\/div>\n\t\t","protected":false},"excerpt":{"rendered":"<p>Contacto Tel\u00e9fono: +34 914 34 67 39 E-mail: info@arasport.es Ubicaci\u00f3n: C. Arqu\u00edmedes, 4, Oficina 001 Bajo 28914, Legan\u00e9s, Madrid Linkedin Instagram<\/p>","protected":false},"author":1,"featured_media":0,"parent":0,"menu_order":0,"comment_status":"closed","ping_status":"closed","template":"elementor_header_footer","meta":{"_et_pb_use_builder":"","_et_pb_old_content":"","_et_gb_content_width":"","footnotes":""},"class_list":["post-5316","page","type-page","status-publish","hentry"],"yoast_head":"<!-- This site is optimized with the Yoast SEO plugin v27.3 - https:\/\/yoast.com\/product\/yoast-seo-wordpress\/ -->\n<title>CONTACTO - Agencia de publicidad en Madrid<\/title>\n<meta name=\"description\" content=\"Contacta con nosotros, no dudes m\u00e1s. La agencia 360\u00ba que da vida a proyectos que van desde lo m\u00e1s anal\u00f3gico hasta lo m\u00e1s digital. Como un producto artesano, hecho a mano, pero con tecnolog\u00edas de vanguardia.\" \/>\n<meta name=\"robots\" content=\"index, follow, max-snippet:-1, max-image-preview:large, max-video-preview:-1\" \/>\n<link rel=\"canonical\" href=\"https:\/\/arasport.es\/en\/pagina-contacto-ara-sport-oficial\/\" \/>\n<meta property=\"og:locale\" content=\"en_GB\" \/>\n<meta property=\"og:type\" content=\"article\" \/>\n<meta property=\"og:title\" content=\"CONTACTO - Agencia de publicidad en Madrid\" \/>\n<meta property=\"og:description\" content=\"Contacta con nosotros, no dudes m\u00e1s. La agencia 360\u00ba que da vida a proyectos que van desde lo m\u00e1s anal\u00f3gico hasta lo m\u00e1s digital. Como un producto artesano, hecho a mano, pero con tecnolog\u00edas de vanguardia.\" \/>\n<meta property=\"og:url\" content=\"https:\/\/arasport.es\/en\/pagina-contacto-ara-sport-oficial\/\" \/>\n<meta property=\"og:site_name\" content=\"Agencia de publicidad en Madrid\" \/>\n<meta property=\"article:modified_time\" content=\"2024-01-02T09:07:28+00:00\" \/>\n<meta name=\"twitter:card\" content=\"summary_large_image\" \/>\n<meta name=\"twitter:label1\" content=\"Estimated reading time\" \/>\n\t<meta name=\"twitter:data1\" content=\"1 minute\" \/>\n<script type=\"application\/ld+json\" class=\"yoast-schema-graph\">{\"@context\":\"https:\\\/\\\/schema.org\",\"@graph\":[{\"@type\":\"WebPage\",\"@id\":\"https:\\\/\\\/arasport.es\\\/pagina-contacto-ara-sport-oficial\\\/\",\"url\":\"https:\\\/\\\/arasport.es\\\/pagina-contacto-ara-sport-oficial\\\/\",\"name\":\"CONTACTO - Agencia de publicidad en Madrid\",\"isPartOf\":{\"@id\":\"https:\\\/\\\/arasport.es\\\/#website\"},\"datePublished\":\"2023-11-17T08:45:26+00:00\",\"dateModified\":\"2024-01-02T09:07:28+00:00\",\"description\":\"Contacta con nosotros, no dudes m\u00e1s. La agencia 360\u00ba que da vida a proyectos que van desde lo m\u00e1s anal\u00f3gico hasta lo m\u00e1s digital. Como un producto artesano, hecho a mano, pero con tecnolog\u00edas de vanguardia.\",\"breadcrumb\":{\"@id\":\"https:\\\/\\\/arasport.es\\\/pagina-contacto-ara-sport-oficial\\\/#breadcrumb\"},\"inLanguage\":\"en-GB\",\"potentialAction\":[{\"@type\":\"ReadAction\",\"target\":[\"https:\\\/\\\/arasport.es\\\/pagina-contacto-ara-sport-oficial\\\/\"]}]},{\"@type\":\"BreadcrumbList\",\"@id\":\"https:\\\/\\\/arasport.es\\\/pagina-contacto-ara-sport-oficial\\\/#breadcrumb\",\"itemListElement\":[{\"@type\":\"ListItem\",\"position\":1,\"name\":\"Portada\",\"item\":\"https:\\\/\\\/arasport.es\\\/\"},{\"@type\":\"ListItem\",\"position\":2,\"name\":\"CONTACTO\"}]},{\"@type\":\"WebSite\",\"@id\":\"https:\\\/\\\/arasport.es\\\/#website\",\"url\":\"https:\\\/\\\/arasport.es\\\/\",\"name\":\"Agencia de publicidad en Madrid\",\"description\":\"Agencia de Publicidad. Dise\u00f1o gr\u00e1fico, dise\u00f1o editorial y maquetaci\u00f3n. Gesti\u00f3n comercial de publicidad. Damos cobertura a toda la zona sur de Madrid.\",\"publisher\":{\"@id\":\"https:\\\/\\\/arasport.es\\\/#organization\"},\"potentialAction\":[{\"@type\":\"SearchAction\",\"target\":{\"@type\":\"EntryPoint\",\"urlTemplate\":\"https:\\\/\\\/arasport.es\\\/?s={search_term_string}\"},\"query-input\":{\"@type\":\"PropertyValueSpecification\",\"valueRequired\":true,\"valueName\":\"search_term_string\"}}],\"inLanguage\":\"en-GB\"},{\"@type\":\"Organization\",\"@id\":\"https:\\\/\\\/arasport.es\\\/#organization\",\"name\":\"Agencia de publicidad en Madrid\",\"url\":\"https:\\\/\\\/arasport.es\\\/\",\"logo\":{\"@type\":\"ImageObject\",\"inLanguage\":\"en-GB\",\"@id\":\"https:\\\/\\\/arasport.es\\\/#\\\/schema\\\/logo\\\/image\\\/\",\"url\":\"https:\\\/\\\/arasport.es\\\/wp-content\\\/uploads\\\/2023\\\/06\\\/PhotoRoom_20231121_091346-e1700554587465.png\",\"contentUrl\":\"https:\\\/\\\/arasport.es\\\/wp-content\\\/uploads\\\/2023\\\/06\\\/PhotoRoom_20231121_091346-e1700554587465.png\",\"width\":1106,\"height\":489,\"caption\":\"Agencia de publicidad en Madrid\"},\"image\":{\"@id\":\"https:\\\/\\\/arasport.es\\\/#\\\/schema\\\/logo\\\/image\\\/\"}}]}<\/script>\n<!-- \/ Yoast SEO plugin. -->","yoast_head_json":{"title":"CONTACTO - Agencia de publicidad en Madrid","description":"Contacta con nosotros, no dudes m\u00e1s. La agencia 360\u00ba que da vida a proyectos que van desde lo m\u00e1s anal\u00f3gico hasta lo m\u00e1s digital. Como un producto artesano, hecho a mano, pero con tecnolog\u00edas de vanguardia.","robots":{"index":"index","follow":"follow","max-snippet":"max-snippet:-1","max-image-preview":"max-image-preview:large","max-video-preview":"max-video-preview:-1"},"canonical":"https:\/\/arasport.es\/en\/pagina-contacto-ara-sport-oficial\/","og_locale":"en_GB","og_type":"article","og_title":"CONTACTO - Agencia de publicidad en Madrid","og_description":"Contacta con nosotros, no dudes m\u00e1s. La agencia 360\u00ba que da vida a proyectos que van desde lo m\u00e1s anal\u00f3gico hasta lo m\u00e1s digital. Como un producto artesano, hecho a mano, pero con tecnolog\u00edas de vanguardia.","og_url":"https:\/\/arasport.es\/en\/pagina-contacto-ara-sport-oficial\/","og_site_name":"Agencia de publicidad en Madrid","article_modified_time":"2024-01-02T09:07:28+00:00","twitter_card":"summary_large_image","twitter_misc":{"Estimated reading time":"1 minute"},"schema":{"@context":"https:\/\/schema.org","@graph":[{"@type":"WebPage","@id":"https:\/\/arasport.es\/pagina-contacto-ara-sport-oficial\/","url":"https:\/\/arasport.es\/pagina-contacto-ara-sport-oficial\/","name":"CONTACTO - Agencia de publicidad en Madrid","isPartOf":{"@id":"https:\/\/arasport.es\/#website"},"datePublished":"2023-11-17T08:45:26+00:00","dateModified":"2024-01-02T09:07:28+00:00","description":"Contacta con nosotros, no dudes m\u00e1s. La agencia 360\u00ba que da vida a proyectos que van desde lo m\u00e1s anal\u00f3gico hasta lo m\u00e1s digital. Como un producto artesano, hecho a mano, pero con tecnolog\u00edas de vanguardia.","breadcrumb":{"@id":"https:\/\/arasport.es\/pagina-contacto-ara-sport-oficial\/#breadcrumb"},"inLanguage":"en-GB","potentialAction":[{"@type":"ReadAction","target":["https:\/\/arasport.es\/pagina-contacto-ara-sport-oficial\/"]}]},{"@type":"BreadcrumbList","@id":"https:\/\/arasport.es\/pagina-contacto-ara-sport-oficial\/#breadcrumb","itemListElement":[{"@type":"ListItem","position":1,"name":"Portada","item":"https:\/\/arasport.es\/"},{"@type":"ListItem","position":2,"name":"CONTACTO"}]},{"@type":"WebSite","@id":"https:\/\/arasport.es\/#website","url":"https:\/\/arasport.es\/","name":"Agencia de publicidad en Madrid","description":"Agencia de Publicidad. Dise\u00f1o gr\u00e1fico, dise\u00f1o editorial y maquetaci\u00f3n. Gesti\u00f3n comercial de publicidad. Damos cobertura a toda la zona sur de Madrid.","publisher":{"@id":"https:\/\/arasport.es\/#organization"},"potentialAction":[{"@type":"SearchAction","target":{"@type":"EntryPoint","urlTemplate":"https:\/\/arasport.es\/?s={search_term_string}"},"query-input":{"@type":"PropertyValueSpecification","valueRequired":true,"valueName":"search_term_string"}}],"inLanguage":"en-GB"},{"@type":"Organization","@id":"https:\/\/arasport.es\/#organization","name":"Agencia de publicidad en Madrid","url":"https:\/\/arasport.es\/","logo":{"@type":"ImageObject","inLanguage":"en-GB","@id":"https:\/\/arasport.es\/#\/schema\/logo\/image\/","url":"https:\/\/arasport.es\/wp-content\/uploads\/2023\/06\/PhotoRoom_20231121_091346-e1700554587465.png","contentUrl":"https:\/\/arasport.es\/wp-content\/uploads\/2023\/06\/PhotoRoom_20231121_091346-e1700554587465.png","width":1106,"height":489,"caption":"Agencia de publicidad en Madrid"},"image":{"@id":"https:\/\/arasport.es\/#\/schema\/logo\/image\/"}}]}},"_links":{"self":[{"href":"https:\/\/arasport.es\/en\/wp-json\/wp\/v2\/pages\/5316","targetHints":{"allow":["GET"]}}],"collection":[{"href":"https:\/\/arasport.es\/en\/wp-json\/wp\/v2\/pages"}],"about":[{"href":"https:\/\/arasport.es\/en\/wp-json\/wp\/v2\/types\/page"}],"author":[{"embeddable":true,"href":"https:\/\/arasport.es\/en\/wp-json\/wp\/v2\/users\/1"}],"replies":[{"embeddable":true,"href":"https:\/\/arasport.es\/en\/wp-json\/wp\/v2\/comments?post=5316"}],"version-history":[{"count":95,"href":"https:\/\/arasport.es\/en\/wp-json\/wp\/v2\/pages\/5316\/revisions"}],"predecessor-version":[{"id":6841,"href":"https:\/\/arasport.es\/en\/wp-json\/wp\/v2\/pages\/5316\/revisions\/6841"}],"wp:attachment":[{"href":"https:\/\/arasport.es\/en\/wp-json\/wp\/v2\/media?parent=5316"}],"curies":[{"name":"wp","href":"https:\/\/api.w.org\/{rel}","templated":true}]}}